{"id":5361,"date":"2019-07-29T19:03:45","date_gmt":"2019-07-29T17:03:45","guid":{"rendered":"https:\/\/clinicachirurgica.san-nicolo.com\/?page_id=5361"},"modified":"2025-09-08T14:52:17","modified_gmt":"2025-09-08T14:52:17","slug":"clinica-chirurgica","status":"publish","type":"page","link":"https:\/\/clinicachirurgica.san-nicolo.com\/","title":{"rendered":"Affidati a SYNLAB San Nicol\u00f2: il tuo punto di riferimento per la chirurgia a Como."},"content":{"rendered":"\n<p class=\"has-text-align-left has-medium-font-size\">Al secondo piano della sede di <strong><a href=\"https:\/\/www.san-nicolo.com\/struttura\/synlab-san-nicolo-como\/\" target=\"_blank\" rel=\"noopener\">SYNLAB San Nicol\u00f2 a Como<\/a><\/strong>, la Clinica Chirurgica offre un ambiente d\u2019eccellenza per interventi specialistici e cure dedicate.<\/p>\n\n\n\n<div style=\"height:80px\" aria-hidden=\"true\" class=\"wp-block-spacer\"><\/div>\n\n\n\n<p class=\"has-text-align-left has-medium-font-size\">Qui trovi:<\/p>\n\n\n\n<ul class=\"wp-block-list\">\n<li class=\"has-medium-font-size\">Chirurgia Generale<\/li>\n\n\n\n<li class=\"has-medium-font-size\">Chirurgia Plastica, Estetica e Ricostruttiva<\/li>\n\n\n\n<li class=\"has-medium-font-size\">Chirurgia Estetica Mini-Invasiva<\/li>\n\n\n\n<li class=\"has-medium-font-size\">Chirurgia Ortopedica<\/li>\n\n\n\n<li class=\"has-medium-font-size\">Otorinolaringoiatria<\/li>\n\n\n\n<li class=\"has-medium-font-size\">Urologia<\/li>\n<\/ul>\n\n\n\n<div style=\"height:80px\" aria-hidden=\"true\" class=\"wp-block-spacer\"><\/div>\n\n\n\n<h1 class=\"wp-block-heading has-large-font-size\"><strong>Una vera casa di Cura per il tuo Benessere<\/strong><\/h1>\n\n\n\n<div style=\"height:80px\" aria-hidden=\"true\" class=\"wp-block-spacer\"><\/div>\n\n\n\n<p class=\"has-text-align-left has-medium-font-size\">La nostra Clinica \u00e8 riconosciuta anche come <strong>Casa di Cura<\/strong>: dispone di aree dedicate al ricovero pre e post-operatorio e a degenze prolungate, offrendo un servizio a 360\u00b0 sul territorio comasco.<\/p>\n\n\n\n<div style=\"height:80px\" aria-hidden=\"true\" class=\"wp-block-spacer\"><\/div>\n\n\n\n<h1 class=\"wp-block-heading has-large-font-size\"><strong>Un&#8217;\u00e9quipe di eccellenza al tuo servizio<\/strong><\/h1>\n\n\n\n<div style=\"height:80px\" aria-hidden=\"true\" class=\"wp-block-spacer\"><\/div>\n\n\n\n<p class=\"has-text-align-left has-medium-font-size\">Abbiamo costruito un Team solido di professionisti:<\/p>\n\n\n\n<ul class=\"wp-block-list\">\n<li class=\"has-medium-font-size\">Medici Chirurghi e Anestesisti altamente specializzati<\/li>\n\n\n\n<li class=\"has-medium-font-size\">Personale medico e infermieristico preparato per il Day Surgery e le degenze pi\u00f9 lunghe con assistenza notturna<\/li>\n\n\n\n<li class=\"has-medium-font-size\">Accoglienza dedicata, per farti sentire seguito, rassicurato e informato in ogni fase del percorso<\/li>\n<\/ul>\n\n\n\n<div style=\"height:80px\" aria-hidden=\"true\" class=\"wp-block-spacer\"><\/div>\n\n\n\n<h1 class=\"wp-block-heading has-large-font-size\"><strong>Hai un&#8217;assicurazione sanitaria? <\/strong><\/h1>\n\n\n\n<div style=\"height:80px\" aria-hidden=\"true\" class=\"wp-block-spacer\"><\/div>\n\n\n\n<div class=\"wp-block-group has-medium-font-size\"><div class=\"wp-block-group__inner-container is-layout-constrained wp-block-group-is-layout-constrained\">\n<p class=\"has-text-align-left has-medium-font-size\">Contattaci subito per verificare se l\u2019intervento \u00e8 coperto dalla tua polizza!<\/p>\n\n\n\n<p class=\"has-text-align-left has-medium-font-size\">SYNLAB San Nicol\u00f2 facilita l\u2019accesso ai trattamenti chirurgici grazie a <strong>convenzioni con fondi assicurativi:<\/strong> approfitta di condizioni dedicate su operazioni e visite specialistiche.<\/p>\n\n\n\n<p class=\"has-text-align-left has-medium-font-size\">Per maggiori informazioni su convenzioni e fondi assicurativi, scrivi a: <strong><a href=\"mailto:info.como@synlab.it\" target=\"_blank\" rel=\"noopener\">info.como@synlab.it<\/a><\/strong><\/p>\n<\/div><\/div>\n\n\n\n<div style=\"height:80px\" aria-hidden=\"true\" class=\"wp-block-spacer\"><\/div>\n\n\n\n<h1 class=\"wp-block-heading has-large-font-size\"><strong>Perch\u00e9 scegliere la nostra Clinica?<\/strong><\/h1>\n\n\n\n<div style=\"height:80px\" aria-hidden=\"true\" class=\"wp-block-spacer\"><\/div>\n\n\n\n<ul class=\"wp-block-list\">\n<li class=\"has-medium-font-size\">Struttura moderna e funzionale<\/li>\n\n\n\n<li class=\"has-medium-font-size\">Percorso personalizzato e assistenza continua<\/li>\n\n\n\n<li class=\"has-medium-font-size\">Specialisti di alto livello<\/li>\n\n\n\n<li class=\"has-medium-font-size\">Servizi dedicati anche ai pazienti assicurati<\/li>\n<\/ul>\n\n\n\n<div class=\"wp-block-group\"><div class=\"wp-block-group__inner-container is-layout-constrained wp-block-group-is-layout-constrained\">\n<div style=\"height:80px\" aria-hidden=\"true\" class=\"wp-block-spacer\"><\/div>\n\n\n\n<h1 class=\"wp-block-heading has-large-font-size\"><strong>Massima sicurezza e massima qualit\u00e0<\/strong><\/h1>\n\n\n\n<div style=\"height:80px\" aria-hidden=\"true\" class=\"wp-block-spacer\"><\/div>\n\n\n\n<div class=\"wp-block-group has-medium-font-size\"><div class=\"wp-block-group__inner-container is-layout-constrained wp-block-group-is-layout-constrained\">\n<p class=\"has-medium-font-size\">La fedelt\u00e0 ai pi\u00f9 restrittivi protocolli in fatto di sicurezza ed efficienza, da sempre attuata presso le strutture sanitarie del gruppo SYNLAB, ci ha permesso di mantenere, su migliaia di interventi eseguiti, la percentuale di complicanze intra- e post-operatorie su valori prossimi allo zero.<\/p>\n\n\n\n<p>L\u2019intera organizzazione del reparto \u00e8 volta a garantire:<\/p>\n\n\n\n<p><strong>Massima sicurezza<\/strong>&nbsp;<strong>nella fase pre-operatoria<\/strong>: attraverso un\u2019anamnesi completa e indagini cliniche adeguate;<\/p>\n\n\n\n<p><strong>Totale affidabilit\u00e0<\/strong>&nbsp;<strong>durante l\u2019intervento<\/strong>: grazie ad apparecchi e strumentazione all\u2019avanguardia, monitoraggio continuo, autonomia elettrica di sicurezza, dispositivi per la rianimazione, controlli accurati di sterilizzazione, presenza costante dell\u2019Anestesista in sala;<\/p>\n\n\n\n<p>Utilizzo esclusivo dei <strong>dispositivi medici <\/strong>con il pi\u00f9 alto livello di qualit\u00e0 e sicurezza attualmente disponibile;<\/p>\n\n\n\n<p><strong>Monitoraggio costante post-operatorio<\/strong>, per consentire al paziente il recupero e il ritorno al proprio domicilio e alla propria quotidianit\u00e0 in maniera serena ed equilibrata.<\/p>\n\n\n\n<p>Nella sede di Como tutti gli spazi dedicati alle attivit\u00e0 chirurgiche sono stati progettati secondo le pi\u00f9 avanzate tecnologie, certificati ISO 9001 e costruiti in base ai canoni in uso per i blocchi operatori ospedalieri pi\u00f9 complessi.<\/p>\n\n\n\n<p>La nostra Clinica Chirurgia &#8211; Casa di Cura infatti vanta livelli di strumentazione, sicurezza e comfort superiori a quelli di molte unit\u00e0 ospedaliere. Al suo interno, sono presenti:<\/p>\n\n\n\n<ul class=\"wp-block-list\">\n<li>Due sale operatorie (con annessa recovery room)<\/li>\n\n\n\n<li>Eleganti camere private per un totale di 10 posti letto<\/li>\n<\/ul>\n<\/div><\/div>\n\n\n\n<p><\/p>\n<\/div><\/div>\n\n\n\n<div style=\"height:80px\" aria-hidden=\"true\" class=\"wp-block-spacer\"><\/div>\n","protected":false},"excerpt":{"rendered":"<p>Al secondo piano della sede di SYNLAB San Nicol\u00f2 a Como, la Clinica Chirurgica offre un ambiente d\u2019eccellenza per interventi specialistici e cure dedicate. Qui trovi: Una vera casa di Cura per il tuo Benessere La nostra Clinica \u00e8 riconosciuta anche come Casa di Cura: dispone di aree dedicate al ricovero pre e post-operatorio e [&hellip;]<\/p>\n","protected":false},"author":1,"featured_media":31474,"parent":0,"menu_order":0,"comment_status":"closed","ping_status":"closed","template":"clinica-chirurgica.php","meta":{"footnotes":""},"class_list":["post-5361","page","type-page","status-publish","has-post-thumbnail","hentry"],"_links":{"self":[{"href":"https:\/\/clinicachirurgica.san-nicolo.com\/index.php?rest_route=\/wp\/v2\/pages\/5361","targetHints":{"allow":["GET"]}}],"collection":[{"href":"https:\/\/clinicachirurgica.san-nicolo.com\/index.php?rest_route=\/wp\/v2\/pages"}],"about":[{"href":"https:\/\/clinicachirurgica.san-nicolo.com\/index.php?rest_route=\/wp\/v2\/types\/page"}],"author":[{"embeddable":true,"href":"https:\/\/clinicachirurgica.san-nicolo.com\/index.php?rest_route=\/wp\/v2\/users\/1"}],"replies":[{"embeddable":true,"href":"https:\/\/clinicachirurgica.san-nicolo.com\/index.php?rest_route=%2Fwp%2Fv2%2Fcomments&post=5361"}],"version-history":[{"count":44,"href":"https:\/\/clinicachirurgica.san-nicolo.com\/index.php?rest_route=\/wp\/v2\/pages\/5361\/revisions"}],"predecessor-version":[{"id":31604,"href":"https:\/\/clinicachirurgica.san-nicolo.com\/index.php?rest_route=\/wp\/v2\/pages\/5361\/revisions\/31604"}],"wp:featuredmedia":[{"embeddable":true,"href":"https:\/\/clinicachirurgica.san-nicolo.com\/index.php?rest_route=\/wp\/v2\/media\/31474"}],"wp:attachment":[{"href":"https:\/\/clinicachirurgica.san-nicolo.com\/index.php?rest_route=%2Fwp%2Fv2%2Fmedia&parent=5361"}],"curies":[{"name":"wp","href":"https:\/\/api.w.org\/{rel}","templated":true}]}}